{"id":2012,"date":"2025-12-12T14:34:50","date_gmt":"2025-12-12T13:34:50","guid":{"rendered":"https:\/\/pugliaincontro.larosycreativa.com\/?page_id=2012"},"modified":"2025-12-15T12:53:13","modified_gmt":"2025-12-15T11:53:13","slug":"reso-e-rimborso","status":"publish","type":"page","link":"https:\/\/pugliaincontroshop.com\/en\/reso-e-rimborso\/","title":{"rendered":"RESO E RIMBORSO"},"content":{"rendered":"<div data-elementor-type=\"wp-page\" data-elementor-id=\"2012\" class=\"elementor elementor-2012\">\n\t\t\t\t\t\t<section class=\"elementor-section elementor-top-section elementor-element elementor-element-1880d631 elementor-section-stretched scheme_default elementor-section-full_width elementor-section-height-default elementor-section-height-default sc_fly_static\" data-id=\"1880d631\" data-element_type=\"section\" data-e-type=\"section\" data-settings=\"{&quot;stretch_section&quot;:&quot;section-stretched&quot;,&quot;background_background&quot;:&quot;classic&quot;}\">\n\t\t\t\t\t\t<div class=\"elementor-container elementor-column-gap-extended\">\n\t\t\t\t\t<div class=\"elementor-column elementor-col-33 elementor-top-column elementor-element elementor-element-52f07986 sc_content_align_inherit sc_layouts_column_icons_position_left sc_fly_static\" data-id=\"52f07986\" data-element_type=\"column\" data-e-type=\"column\">\n\t\t\t<div class=\"elementor-widget-wrap\">\n\t\t\t\t\t\t\t<\/div>\n\t\t<\/div>\n\t\t\t\t<div class=\"elementor-column elementor-col-33 elementor-top-column elementor-element elementor-element-2b62c655 sc_content_align_inherit sc_layouts_column_icons_position_left sc_fly_static\" data-id=\"2b62c655\" data-element_type=\"column\" data-e-type=\"column\">\n\t\t\t<div class=\"elementor-widget-wrap elementor-element-populated\">\n\t\t\t\t\t\t<div class=\"elementor-element elementor-element-55e15c2b sc_fly_static elementor-widget elementor-widget-heading\" data-id=\"55e15c2b\" data-element_type=\"widget\" data-e-type=\"widget\" data-widget_type=\"heading.default\">\n\t\t\t\t\t<h2 class=\"elementor-heading-title elementor-size-default\">Reso e rimborso<\/h2>\t\t\t\t<\/div>\n\t\t\t\t\t<\/div>\n\t\t<\/div>\n\t\t\t\t<div class=\"elementor-column elementor-col-33 elementor-top-column elementor-element elementor-element-2971c6d9 sc_content_align_inherit sc_layouts_column_icons_position_left sc_fly_static\" data-id=\"2971c6d9\" data-element_type=\"column\" data-e-type=\"column\">\n\t\t\t<div class=\"elementor-widget-wrap\">\n\t\t\t\t\t\t\t<\/div>\n\t\t<\/div>\n\t\t\t\t\t<\/div>\n\t\t<\/section>\n\t\t\t\t<section class=\"elementor-section elementor-top-section elementor-element elementor-element-fc6297b elementor-section-stretched scheme_default elementor-section-full_width elementor-section-height-default elementor-section-height-default sc_fly_static\" data-id=\"fc6297b\" data-element_type=\"section\" data-e-type=\"section\" data-settings=\"{&quot;stretch_section&quot;:&quot;section-stretched&quot;,&quot;background_background&quot;:&quot;classic&quot;}\">\n\t\t\t\t\t\t<div class=\"elementor-container elementor-column-gap-extended\">\n\t\t\t\t\t<div class=\"elementor-column elementor-col-100 elementor-top-column elementor-element elementor-element-eba215b sc_content_align_inherit sc_layouts_column_icons_position_left sc_fly_static\" data-id=\"eba215b\" data-element_type=\"column\" data-e-type=\"column\">\n\t\t\t<div class=\"elementor-widget-wrap elementor-element-populated\">\n\t\t\t\t\t\t<div class=\"elementor-element elementor-element-205bbfb sc_fly_static elementor-widget elementor-widget-text-editor\" data-id=\"205bbfb\" data-element_type=\"widget\" data-e-type=\"widget\" data-widget_type=\"text-editor.default\">\n\t\t\t\t\t\t\t\t\t<div class=\"vc_row wpb_row vc_row-fluid\"><div class=\"wpb_column vc_column_container vc_col-sm-12\"><div class=\"vc_column-inner\"><div class=\"wpb_wrapper\"><div class=\"wpb_text_column wpb_content_element\"><div class=\"wpb_wrapper\"><p>Non sono ammessi resi di merce realizzata con richieste di personalizzazione nelle dimensioni e\/o finiture. In caso di merce non conforme all\u2019 ordine,\u00a0<strong>PUGLIA INCONTRO<\/strong>\u00a0concede al Cliente un termine di 14 giorni decorrenti dalla consegna per restituire la merce acquistata. Il Cliente pu\u00f2 decidere di consegnare il reso presso un punto di raccolta Mail Boxes \/ DHL oppure scegliere il ritiro a domicilio da parte di un corriere del gruppo Mail Boxes \/ DHL che passer\u00e0 a ritirare il suo reso all\u2019 indirizzo e nella data da lei specificati.<\/p><\/div><\/div><\/div><\/div><\/div><\/div><div class=\"vc_row wpb_row vc_row-fluid\"><div class=\"wpb_column vc_column_container vc_col-sm-12\"><div class=\"vc_column-inner\"><div class=\"wpb_wrapper\">\u00a0<\/div><\/div><\/div><\/div>\t\t\t\t\t\t\t\t<\/div>\n\t\t\t\t<div class=\"elementor-element elementor-element-a89faed sc_fly_static elementor-widget elementor-widget-text-editor\" data-id=\"a89faed\" data-element_type=\"widget\" data-e-type=\"widget\" data-widget_type=\"text-editor.default\">\n\t\t\t\t\t\t\t\t\t<div class=\"vc_row wpb_row vc_row-fluid\"><div class=\"wpb_column vc_column_container vc_col-sm-12\"><div class=\"vc_column-inner\"><div class=\"wpb_wrapper\"><div class=\"wpb_text_column wpb_content_element\"><div class=\"wpb_wrapper\"><div class=\"vc_tta-panel-heading\"><h4 class=\"vc_tta-panel-title vc_tta-controls-icon-position-left\">Come effettuare il reso della merce?<i class=\"vc_tta-controls-icon vc_tta-controls-icon-plus\"><\/i><\/h4><\/div><div class=\"vc_tta-panel-body\"><div class=\"wpb_text_column wpb_content_element\"><div class=\"wpb_wrapper\"><p>1. inviare una mail all\u2019 indirizzo info@pugliaincontroshop.com indicando i motivi del reso, possibilmente allegando documentazione fotografica, e specificando la modalit\u00e0 di reso tra quelle sopra indicate.<br \/>2. attendere una mail di risposta da\u00a0<strong>PUGLIA INCONTRO<\/strong>\u00a0con autorizzazione e relativo documento di reso (entro 24h); nel caso fosse necessario, verranno richieste ulteriori informazioni.<\/p><p>In ogni caso, il Cliente dovr\u00e0 rendere gli articoli integri, non utilizzati, con il loro imballaggio originale e, per una migliore gestione del reso da parte di\u00a0<strong>PUGLIA INCONTRO<\/strong>, allegando il modulo di Ritorno ricevuto per e mail ed interamente compilato.<\/p><\/div><\/div><\/div><\/div><\/div><\/div><\/div><\/div><\/div>\t\t\t\t\t\t\t\t<\/div>\n\t\t\t\t<div class=\"elementor-element elementor-element-27cf2a0 sc_fly_static elementor-widget elementor-widget-text-editor\" data-id=\"27cf2a0\" data-element_type=\"widget\" data-e-type=\"widget\" data-widget_type=\"text-editor.default\">\n\t\t\t\t\t\t\t\t\t<div class=\"vc_row wpb_row vc_row-fluid\"><div class=\"wpb_column vc_column_container vc_col-sm-12\"><div class=\"vc_column-inner\"><div class=\"wpb_wrapper\"><div class=\"wpb_text_column wpb_content_element\"><div class=\"wpb_wrapper\"><div class=\"vc_tta-panel-heading\"><div class=\"vc_tta-panel-heading\"><h4 class=\"vc_tta-panel-title vc_tta-controls-icon-position-left\"><span class=\"vc_tta-title-text\">Come esercitare il diritto di recesso?<\/span><i class=\"vc_tta-controls-icon vc_tta-controls-icon-plus\"><\/i><\/h4><\/div><div class=\"vc_tta-panel-body\"><div class=\"wpb_text_column wpb_content_element\"><div class=\"wpb_wrapper\"><p>Il Cliente pu\u00f2 esercitare il diritto di recesso tramite la compilazione del \u201cModulo di Recesso\u201d scaricabile attraverso il seguente link Scarica il Modulo di Recesso. Dopo aver interamente compilato il Modulo di Recesso, il Cliente pu\u00f2 inviarcelo scegliendo una delle seguenti modalit\u00e0:<br \/>\u2013 Invio del solo Modulo di Recesso (senza la merce, che potr\u00e0 essere restituita come sopra descritto) tramite e-mail a info@pugliaincontroshop.com oppure via posta all\u2019indirizzo: \u00ab <strong>PUGLIA INCONTRO Via Barletta 283 -76123 Andria(BT)<\/strong><br \/>\u2013 Invio del Modulo di Recesso insieme alla merce da restituire come specificato nella sezione RESO DELLA MERCE<\/p><p>Il Cliente non \u00e8 obbligato ad usare il Modulo di Recesso: pu\u00f2 infatti esercitare il suo diritto di recesso inviando ai suddetti recapiti una qualsiasi altra dichiarazione esplicita della sua decisione di recedere dal contratto. In ogni caso, tale comunicazione dovr\u00e0 riportare chiaramente la volont\u00e0 del Cliente di recedere, l\u2019indicazione dell\u2019ordine di acquisto e i prodotti oggetto del recesso.<br \/>Resta inteso che la comunicazione del recesso, comunque effettuata, dovr\u00e0 essere inviata a\u00a0<strong>PUGLIA INCONTRO<\/strong>\u00a0entro e non oltre il suddetto termine di 14 giorni dal ricevimento della merce da parte del Cliente.<\/p><\/div><\/div><\/div><\/div><\/div><\/div><\/div><\/div><\/div><\/div>\t\t\t\t\t\t\t\t<\/div>\n\t\t\t\t<div class=\"elementor-element elementor-element-a8cbf62 sc_fly_static elementor-widget elementor-widget-text-editor\" data-id=\"a8cbf62\" data-element_type=\"widget\" data-e-type=\"widget\" data-widget_type=\"text-editor.default\">\n\t\t\t\t\t\t\t\t\t<div class=\"vc_row wpb_row vc_row-fluid\"><div class=\"wpb_column vc_column_container vc_col-sm-12\"><div class=\"vc_column-inner\"><div class=\"wpb_wrapper\"><div class=\"wpb_text_column wpb_content_element\"><div class=\"wpb_wrapper\"><div class=\"vc_tta-panel-heading\"><div class=\"vc_tta-panel-heading\"><div class=\"vc_tta-panel-heading\"><h4 class=\"vc_tta-panel-title vc_tta-controls-icon-position-left\"><span class=\"vc_tta-title-text\">Come viene rimborsato o sostituito il reso?<\/span><\/h4><\/div><div class=\"vc_tta-panel-body\"><div class=\"wpb_text_column wpb_content_element\"><div class=\"wpb_wrapper\"><p>\u2013 Sostituzione:<br \/>Entro 14 giorni dal giorno del ricevimento della merce da parte di\u00a0<strong>PUGLIA INCONTRO<\/strong>\u00a0ed una rapida verifica del prodotto, Al Cliente verr\u00e0 rispedito il prodotto corretto; qualora non disponibile, si proceder\u00e0 al rimborso.<\/p><p>\u2013 Rimborso:<br \/>Il Cliente verr\u00e0 rimborsato del solo prezzo dei prodotti resi, entro 14 giorni dal giorno del ricevimento della merce da parte di\u00a0<strong>PUGLIA INCONTRO<\/strong><\/p><p>Qualora le modalit\u00e0 sopraindicate per il reso della merce non fossero rispettate,\u00a0<strong>PUGLIA INCONTRO<\/strong>\u00a0si riserva di non accettare il reso stesso e di non effettuare il rimborso.<\/p><\/div><\/div><\/div><\/div><\/div><\/div><\/div><\/div><\/div><\/div><\/div>\t\t\t\t\t\t\t\t<\/div>\n\t\t\t\t<div class=\"elementor-element elementor-element-71f32cb sc_fly_static elementor-widget elementor-widget-text-editor\" data-id=\"71f32cb\" data-element_type=\"widget\" data-e-type=\"widget\" data-widget_type=\"text-editor.default\">\n\t\t\t\t\t\t\t\t\t<div class=\"vc_row wpb_row vc_row-fluid\"><div class=\"wpb_column vc_column_container vc_col-sm-12\"><div class=\"vc_column-inner\"><div class=\"wpb_wrapper\"><div class=\"wpb_text_column wpb_content_element\"><div class=\"wpb_wrapper\"><div class=\"vc_tta-panel-heading\"><div class=\"vc_tta-panel-heading\"><div class=\"vc_tta-panel-heading\"><h4 class=\"vc_tta-panel-title vc_tta-controls-icon-position-left\"><span class=\"vc_tta-title-text\">Come restituire la merce in caso di recesso?<\/span><i class=\"vc_tta-controls-icon vc_tta-controls-icon-plus\"><\/i><\/h4><\/div><div class=\"vc_tta-panel-body\"><div class=\"wpb_text_column wpb_content_element\"><div class=\"wpb_wrapper\"><p>Ove non siano gi\u00e0 stati inviati insieme alla comunicazione di recesso di cui sopra, il Cliente dovr\u00e0 restituire i prodotti entro il termine di 14 giorni dal ricevimento della merce nelle modalit\u00e0 specificate nella sezione RESO E RIMBORSO<\/p><p>In ogni caso, il Cliente dovr\u00e0 rendere gli articoli integri, non utilizzati e con il loro imballaggio originale.<\/p><\/div><\/div><\/div><\/div><\/div><\/div><\/div><\/div><\/div><\/div><\/div>\t\t\t\t\t\t\t\t<\/div>\n\t\t\t\t<div class=\"elementor-element elementor-element-49f792c sc_fly_static elementor-widget elementor-widget-text-editor\" data-id=\"49f792c\" data-element_type=\"widget\" data-e-type=\"widget\" data-widget_type=\"text-editor.default\">\n\t\t\t\t\t\t\t\t\t<div class=\"vc_row wpb_row vc_row-fluid\"><div class=\"wpb_column vc_column_container vc_col-sm-12\"><div class=\"vc_column-inner\"><div class=\"wpb_wrapper\"><div class=\"wpb_text_column wpb_content_element\"><div class=\"wpb_wrapper\"><div class=\"vc_tta-panel-heading\"><div class=\"vc_tta-panel-heading\"><div class=\"vc_tta-panel-heading\"><div class=\"vc_tta-panel-heading\"><h4 class=\"vc_tta-panel-title vc_tta-controls-icon-position-left\"><span class=\"vc_tta-title-text\">Come viene effettuato il rimborso in caso di recesso?<\/span><i class=\"vc_tta-controls-icon vc_tta-controls-icon-plus\"><\/i><\/h4><\/div><div class=\"vc_tta-panel-body\"><div class=\"wpb_text_column wpb_content_element\"><div class=\"wpb_wrapper\"><p><strong>Conferma e archiviazione dell\u2019ordine<\/strong><\/p><p><strong>PUGLIA INCONTRO<\/strong>\u00a0rimborser\u00e0 il Cliente entro 14 giorni dal ricevimento della comunicazione di recesso, ferma restando la facolt\u00e0 di\u00a0<strong>PUGLIA INCONTRO<\/strong>\u00a0di trattenere il rimborso finch\u00e9 non abbia ricevuto i prodotti.<\/p><p>Qualora le modalit\u00e0 sopraindicate per il recesso e la restituzione della merce non fossero rispettate,\u00a0<strong>PUGLIA INCONTRO<\/strong>\u00a0si riserva di non accettare il recesso stesso e di non effettuare il rimborso, fermo il rispetto degli obblighi di legge a suo carico.<\/p><\/div><\/div><\/div><\/div><\/div><\/div><\/div><\/div><\/div><\/div><\/div><\/div>\t\t\t\t\t\t\t\t<\/div>\n\t\t\t\t\t<\/div>\n\t\t<\/div>\n\t\t\t\t\t<\/div>\n\t\t<\/section>\n\t\t\t\t<section class=\"elementor-section elementor-top-section elementor-element elementor-element-3741f90 elementor-section-full_width elementor-section-stretched elementor-section-height-default elementor-section-height-default sc_fly_static\" data-id=\"3741f90\" data-element_type=\"section\" data-e-type=\"section\" data-settings=\"{&quot;stretch_section&quot;:&quot;section-stretched&quot;,&quot;background_background&quot;:&quot;classic&quot;}\">\n\t\t\t\t\t\t<div class=\"elementor-container elementor-column-gap-wide\">\n\t\t\t\t\t<div class=\"elementor-column elementor-col-50 elementor-top-column elementor-element elementor-element-9864723 sc_content_align_inherit sc_layouts_column_icons_position_left sc_fly_static\" data-id=\"9864723\" data-element_type=\"column\" data-e-type=\"column\">\n\t\t\t<div class=\"elementor-widget-wrap elementor-element-populated\">\n\t\t\t\t\t\t<div class=\"elementor-element elementor-element-d57cd11 sc_fly_static elementor-widget elementor-widget-heading\" data-id=\"d57cd11\" data-element_type=\"widget\" data-e-type=\"widget\" data-widget_type=\"heading.default\">\n\t\t\t\t\t<h2 class=\"elementor-heading-title elementor-size-default\">Subscribe to the newsletter <br>and stay tuned<\/h2>\t\t\t\t<\/div>\n\t\t\t\t\t<\/div>\n\t\t<\/div>\n\t\t\t\t<div class=\"elementor-column elementor-col-50 elementor-top-column elementor-element elementor-element-28ba523 sc_content_align_inherit sc_layouts_column_icons_position_left sc_fly_static\" data-id=\"28ba523\" data-element_type=\"column\" data-e-type=\"column\">\n\t\t\t<div class=\"elementor-widget-wrap elementor-element-populated\">\n\t\t\t\t\t\t<div class=\"elementor-element elementor-element-2ed7bbc sc_fly_static elementor-widget elementor-widget-text-editor\" data-id=\"2ed7bbc\" data-element_type=\"widget\" data-e-type=\"widget\" data-widget_type=\"text-editor.default\">\n\t\t\t\t\t\t\t\t\t<p>\n<div class=\"wpcf7 no-js\" id=\"wpcf7-f286-o1\" lang=\"it-IT\" dir=\"ltr\" data-wpcf7-id=\"286\">\n<div class=\"screen-reader-response\"><p role=\"status\" aria-live=\"polite\" aria-atomic=\"true\"><\/p> <ul><\/ul><\/div>\n<form action=\"\/en\/wp-json\/wp\/v2\/pages\/2012#wpcf7-f286-o1\" method=\"post\" class=\"wpcf7-form init\" aria-label=\"Modulo di contatto\" novalidate=\"novalidate\" data-status=\"init\" data-trp-original-action=\"\/en\/wp-json\/wp\/v2\/pages\/2012#wpcf7-f286-o1\">\n<fieldset class=\"hidden-fields-container\"><input type=\"hidden\" name=\"_wpcf7\" value=\"286\" \/><input type=\"hidden\" name=\"_wpcf7_version\" value=\"6.1.4\" \/><input type=\"hidden\" name=\"_wpcf7_locale\" value=\"it_IT\" \/><input type=\"hidden\" name=\"_wpcf7_unit_tag\" value=\"wpcf7-f286-o1\" \/><input type=\"hidden\" name=\"_wpcf7_container_post\" value=\"0\" \/><input type=\"hidden\" name=\"_wpcf7_posted_data_hash\" value=\"\" \/><input type=\"hidden\" name=\"_wpcf7_recaptcha_response\" value=\"\" \/>\n<\/fieldset>\n<div>\n\t<div style=\"display:inline-block;\">\n\t\t<p>\u2709 Enter your email<br \/>\n<span class=\"wpcf7-form-control-wrap\" data-name=\"your-email\"><input size=\"40\" maxlength=\"400\" class=\"wpcf7-form-control wpcf7-email wpcf7-validates-as-required wpcf7-text wpcf7-validates-as-email\" autocomplete=\"email\" aria-required=\"true\" aria-invalid=\"false\" value=\"\" type=\"email\" name=\"your-email\" \/><\/span>\n\t\t<\/p>\n\t<\/div>\n\t<div style=\"display:inline-block;\">\n\t\t<p><input class=\"wpcf7-form-control wpcf7-submit has-spinner\" type=\"submit\" value=\"Send\" \/>\n\t\t<\/p>\n\t<\/div>\n\t<div\/>\n\t\t<div>\n\t\t\t<div style=\"width:100%\">\n\t\t\t\t<p><span class=\"wpcf7-form-control-wrap\" data-name=\"acceptance-79\"><span class=\"wpcf7-form-control wpcf7-acceptance\"><span class=\"wpcf7-list-item\"><label><input type=\"checkbox\" name=\"acceptance-79\" value=\"1\" aria-invalid=\"false\" \/><span class=\"wpcf7-list-item-label\">I consent to the processing of personal data according to the <a style=\"color:#ffffff !important\" href=\"\">Privacy Policy<\/a><\/span><\/label><\/span><\/span><\/span>\n\t\t\t\t<\/p>\n\t\t\t<\/div>\n\t\t\t<div\/>\n\t\t\t<\/div>\n\t\t<\/div>\n\t<input type=\"hidden\" name=\"trp-form-language\" value=\"en\"\/><\/div>\n<\/div><div class=\"wpcf7-response-output\" aria-hidden=\"true\"><\/div>\n<\/form>\n<\/div>\n<\/p>\t\t\t\t\t\t\t\t<\/div>\n\t\t\t\t\t<\/div>\n\t\t<\/div>\n\t\t\t\t\t<\/div>\n\t\t<\/section>\n\t\t\t\t<\/div>\n\t\t\n    <div class=\"xs_social_share_widget xs_share_url after_content \t\tmain_content  wslu-style-1 wslu-share-box-shaped wslu-fill-colored wslu-none wslu-share-horizontal wslu-theme-font-no wslu-main_content\">\n\n\t\t\n        <ul>\n\t\t\t        <\/ul>\n    <\/div>","protected":false},"excerpt":{"rendered":"<p>Reso e rimborso Non sono ammessi resi di merce realizzata con richieste di personalizzazione nelle dimensioni e\/o finiture. In caso di merce non conforme all\u2019 ordine,\u00a0PUGLIA INCONTRO\u00a0concede al Cliente un&hellip;<\/p>","protected":false},"author":1,"featured_media":0,"parent":0,"menu_order":0,"comment_status":"closed","ping_status":"closed","template":"","meta":{"postBodyCss":"","postBodyMargin":[],"postBodyPadding":[],"postBodyBackground":{"backgroundType":"classic","gradient":""},"footnotes":""},"class_list":["post-2012","page","type-page","status-publish","hentry"],"_links":{"self":[{"href":"https:\/\/pugliaincontroshop.com\/en\/wp-json\/wp\/v2\/pages\/2012","targetHints":{"allow":["GET"]}}],"collection":[{"href":"https:\/\/pugliaincontroshop.com\/en\/wp-json\/wp\/v2\/pages"}],"about":[{"href":"https:\/\/pugliaincontroshop.com\/en\/wp-json\/wp\/v2\/types\/page"}],"author":[{"embeddable":true,"href":"https:\/\/pugliaincontroshop.com\/en\/wp-json\/wp\/v2\/users\/1"}],"replies":[{"embeddable":true,"href":"https:\/\/pugliaincontroshop.com\/en\/wp-json\/wp\/v2\/comments?post=2012"}],"version-history":[{"count":16,"href":"https:\/\/pugliaincontroshop.com\/en\/wp-json\/wp\/v2\/pages\/2012\/revisions"}],"predecessor-version":[{"id":2120,"href":"https:\/\/pugliaincontroshop.com\/en\/wp-json\/wp\/v2\/pages\/2012\/revisions\/2120"}],"wp:attachment":[{"href":"https:\/\/pugliaincontroshop.com\/en\/wp-json\/wp\/v2\/media?parent=2012"}],"curies":[{"name":"wp","href":"https:\/\/api.w.org\/{rel}","templated":true}]}}